{"id":857,"date":"2018-04-20T09:09:09","date_gmt":"2018-04-20T07:09:09","guid":{"rendered":"http:\/\/www.uranie-inter.com\/?page_id=857"},"modified":"2024-06-04T16:19:59","modified_gmt":"2024-06-04T14:19:59","slug":"videos","status":"publish","type":"page","link":"https:\/\/www.uranie-inter.com\/fr\/videos\/","title":{"rendered":"Vid\u00e9os"},"content":{"rendered":"","protected":false},"excerpt":{"rendered":"","protected":false},"author":2,"featured_media":0,"parent":0,"menu_order":0,"comment_status":"closed","ping_status":"closed","template":"","meta":{"content-type":"","footnotes":""},"class_list":["post-857","page","type-page","status-publish","hentry"],"yoast_head":"<!-- This site is optimized with the Yoast SEO plugin v27.4 - https:\/\/yoast.com\/product\/yoast-seo-wordpress\/ -->\n<title>Vid\u00e9os - Uranie International Vid\u00e9os pour connaitre encore mieux Uranie.<\/title>\n<meta name=\"description\" content=\"Regardez les vid\u00e9os de la presentation de l&#039;entreprise et d&#039;un parcours d&#039;une barre\" \/>\n<meta name=\"robots\" content=\"index, follow, max-snippet:-1, max-image-preview:large, max-video-preview:-1\" \/>\n<link rel=\"canonical\" href=\"https:\/\/www.uranie-inter.com\/fr\/videos\/\" \/>\n<meta property=\"og:locale\" content=\"fr_FR\" \/>\n<meta property=\"og:type\" content=\"article\" \/>\n<meta property=\"og:title\" content=\"Vid\u00e9os - Uranie International Vid\u00e9os pour connaitre encore mieux Uranie.\" \/>\n<meta property=\"og:description\" content=\"Regardez les vid\u00e9os de la presentation de l&#039;entreprise et d&#039;un parcours d&#039;une barre\" \/>\n<meta property=\"og:url\" content=\"https:\/\/www.uranie-inter.com\/fr\/videos\/\" \/>\n<meta property=\"og:site_name\" content=\"Uranie International\" \/>\n<meta property=\"article:modified_time\" content=\"2024-06-04T14:19:59+00:00\" \/>\n<meta name=\"twitter:card\" content=\"summary_large_image\" \/>\n<meta name=\"twitter:label1\" content=\"Dur\u00e9e de lecture estim\u00e9e\" \/>\n\t<meta name=\"twitter:data1\" content=\"1 minute\" \/>\n<script type=\"application\/ld+json\" class=\"yoast-schema-graph\">{\"@context\":\"https:\\\/\\\/schema.org\",\"@graph\":[{\"@type\":\"WebPage\",\"@id\":\"https:\\\/\\\/www.uranie-inter.com\\\/fr\\\/videos\\\/\",\"url\":\"https:\\\/\\\/www.uranie-inter.com\\\/fr\\\/videos\\\/\",\"name\":\"Vid\u00e9os - Uranie International Vid\u00e9os pour connaitre encore mieux Uranie.\",\"isPartOf\":{\"@id\":\"https:\\\/\\\/www.uranie-inter.com\\\/#website\"},\"datePublished\":\"2018-04-20T07:09:09+00:00\",\"dateModified\":\"2024-06-04T14:19:59+00:00\",\"description\":\"Regardez les vid\u00e9os de la presentation de l'entreprise et d'un parcours d'une barre\",\"breadcrumb\":{\"@id\":\"https:\\\/\\\/www.uranie-inter.com\\\/fr\\\/videos\\\/#breadcrumb\"},\"inLanguage\":\"fr-FR\",\"potentialAction\":[{\"@type\":\"ReadAction\",\"target\":[\"https:\\\/\\\/www.uranie-inter.com\\\/fr\\\/videos\\\/\"]}]},{\"@type\":\"BreadcrumbList\",\"@id\":\"https:\\\/\\\/www.uranie-inter.com\\\/fr\\\/videos\\\/#breadcrumb\",\"itemListElement\":[{\"@type\":\"ListItem\",\"position\":1,\"name\":\"Accueil\",\"item\":\"https:\\\/\\\/www.uranie-inter.com\\\/fr\\\/\"},{\"@type\":\"ListItem\",\"position\":2,\"name\":\"Vid\u00e9os\"}]},{\"@type\":\"WebSite\",\"@id\":\"https:\\\/\\\/www.uranie-inter.com\\\/#website\",\"url\":\"https:\\\/\\\/www.uranie-inter.com\\\/\",\"name\":\"Uranie International\",\"description\":\"Uranie International | tube chrom\u00e9 et tube al\u00e9s\u00e9 galet\u00e9\",\"publisher\":{\"@id\":\"https:\\\/\\\/www.uranie-inter.com\\\/#organization\"},\"potentialAction\":[{\"@type\":\"SearchAction\",\"target\":{\"@type\":\"EntryPoint\",\"urlTemplate\":\"https:\\\/\\\/www.uranie-inter.com\\\/?s={search_term_string}\"},\"query-input\":{\"@type\":\"PropertyValueSpecification\",\"valueRequired\":true,\"valueName\":\"search_term_string\"}}],\"inLanguage\":\"fr-FR\"},{\"@type\":\"Organization\",\"@id\":\"https:\\\/\\\/www.uranie-inter.com\\\/#organization\",\"name\":\"URANIE International\",\"url\":\"https:\\\/\\\/www.uranie-inter.com\\\/\",\"logo\":{\"@type\":\"ImageObject\",\"inLanguage\":\"fr-FR\",\"@id\":\"https:\\\/\\\/www.uranie-inter.com\\\/#\\\/schema\\\/logo\\\/image\\\/\",\"url\":\"https:\\\/\\\/www.uranie-inter.com\\\/wp-content\\\/uploads\\\/2018\\\/02\\\/logo-uranie-international.jpg\",\"contentUrl\":\"https:\\\/\\\/www.uranie-inter.com\\\/wp-content\\\/uploads\\\/2018\\\/02\\\/logo-uranie-international.jpg\",\"width\":1022,\"height\":343,\"caption\":\"URANIE International\"},\"image\":{\"@id\":\"https:\\\/\\\/www.uranie-inter.com\\\/#\\\/schema\\\/logo\\\/image\\\/\"},\"sameAs\":[\"https:\\\/\\\/fr.linkedin.com\\\/company\\\/uranie-international\",\"https:\\\/\\\/www.youtube.com\\\/channel\\\/UCsL_qJmfLWBBMwiAIMM5XiQ\"]}]}<\/script>\n<!-- \/ Yoast SEO plugin. -->","yoast_head_json":{"title":"Vid\u00e9os - Uranie International Vid\u00e9os pour connaitre encore mieux Uranie.","description":"Regardez les vid\u00e9os de la presentation de l'entreprise et d'un parcours d'une barre","robots":{"index":"index","follow":"follow","max-snippet":"max-snippet:-1","max-image-preview":"max-image-preview:large","max-video-preview":"max-video-preview:-1"},"canonical":"https:\/\/www.uranie-inter.com\/fr\/videos\/","og_locale":"fr_FR","og_type":"article","og_title":"Vid\u00e9os - Uranie International Vid\u00e9os pour connaitre encore mieux Uranie.","og_description":"Regardez les vid\u00e9os de la presentation de l'entreprise et d'un parcours d'une barre","og_url":"https:\/\/www.uranie-inter.com\/fr\/videos\/","og_site_name":"Uranie International","article_modified_time":"2024-06-04T14:19:59+00:00","twitter_card":"summary_large_image","twitter_misc":{"Dur\u00e9e de lecture estim\u00e9e":"1 minute"},"schema":{"@context":"https:\/\/schema.org","@graph":[{"@type":"WebPage","@id":"https:\/\/www.uranie-inter.com\/fr\/videos\/","url":"https:\/\/www.uranie-inter.com\/fr\/videos\/","name":"Vid\u00e9os - Uranie International Vid\u00e9os pour connaitre encore mieux Uranie.","isPartOf":{"@id":"https:\/\/www.uranie-inter.com\/#website"},"datePublished":"2018-04-20T07:09:09+00:00","dateModified":"2024-06-04T14:19:59+00:00","description":"Regardez les vid\u00e9os de la presentation de l'entreprise et d'un parcours d'une barre","breadcrumb":{"@id":"https:\/\/www.uranie-inter.com\/fr\/videos\/#breadcrumb"},"inLanguage":"fr-FR","potentialAction":[{"@type":"ReadAction","target":["https:\/\/www.uranie-inter.com\/fr\/videos\/"]}]},{"@type":"BreadcrumbList","@id":"https:\/\/www.uranie-inter.com\/fr\/videos\/#breadcrumb","itemListElement":[{"@type":"ListItem","position":1,"name":"Accueil","item":"https:\/\/www.uranie-inter.com\/fr\/"},{"@type":"ListItem","position":2,"name":"Vid\u00e9os"}]},{"@type":"WebSite","@id":"https:\/\/www.uranie-inter.com\/#website","url":"https:\/\/www.uranie-inter.com\/","name":"Uranie International","description":"Uranie International | tube chrom\u00e9 et tube al\u00e9s\u00e9 galet\u00e9","publisher":{"@id":"https:\/\/www.uranie-inter.com\/#organization"},"potentialAction":[{"@type":"SearchAction","target":{"@type":"EntryPoint","urlTemplate":"https:\/\/www.uranie-inter.com\/?s={search_term_string}"},"query-input":{"@type":"PropertyValueSpecification","valueRequired":true,"valueName":"search_term_string"}}],"inLanguage":"fr-FR"},{"@type":"Organization","@id":"https:\/\/www.uranie-inter.com\/#organization","name":"URANIE International","url":"https:\/\/www.uranie-inter.com\/","logo":{"@type":"ImageObject","inLanguage":"fr-FR","@id":"https:\/\/www.uranie-inter.com\/#\/schema\/logo\/image\/","url":"https:\/\/www.uranie-inter.com\/wp-content\/uploads\/2018\/02\/logo-uranie-international.jpg","contentUrl":"https:\/\/www.uranie-inter.com\/wp-content\/uploads\/2018\/02\/logo-uranie-international.jpg","width":1022,"height":343,"caption":"URANIE International"},"image":{"@id":"https:\/\/www.uranie-inter.com\/#\/schema\/logo\/image\/"},"sameAs":["https:\/\/fr.linkedin.com\/company\/uranie-international","https:\/\/www.youtube.com\/channel\/UCsL_qJmfLWBBMwiAIMM5XiQ"]}]}},"_links":{"self":[{"href":"https:\/\/www.uranie-inter.com\/fr\/wp-json\/wp\/v2\/pages\/857","targetHints":{"allow":["GET"]}}],"collection":[{"href":"https:\/\/www.uranie-inter.com\/fr\/wp-json\/wp\/v2\/pages"}],"about":[{"href":"https:\/\/www.uranie-inter.com\/fr\/wp-json\/wp\/v2\/types\/page"}],"author":[{"embeddable":true,"href":"https:\/\/www.uranie-inter.com\/fr\/wp-json\/wp\/v2\/users\/2"}],"replies":[{"embeddable":true,"href":"https:\/\/www.uranie-inter.com\/fr\/wp-json\/wp\/v2\/comments?post=857"}],"version-history":[{"count":1,"href":"https:\/\/www.uranie-inter.com\/fr\/wp-json\/wp\/v2\/pages\/857\/revisions"}],"predecessor-version":[{"id":858,"href":"https:\/\/www.uranie-inter.com\/fr\/wp-json\/wp\/v2\/pages\/857\/revisions\/858"}],"wp:attachment":[{"href":"https:\/\/www.uranie-inter.com\/fr\/wp-json\/wp\/v2\/media?parent=857"}],"curies":[{"name":"wp","href":"https:\/\/api.w.org\/{rel}","templated":true}]}}