{"id":681,"date":"2018-04-06T15:33:19","date_gmt":"2018-04-06T13:33:19","guid":{"rendered":"http:\/\/www.uranie-inter.com\/?page_id=681"},"modified":"2018-07-25T16:10:27","modified_gmt":"2018-07-25T14:10:27","slug":"notre-metier","status":"publish","type":"page","link":"https:\/\/www.uranie-inter.com\/fr\/notre-metier\/","title":{"rendered":"Notre m\u00e9tier"},"content":{"rendered":"","protected":false},"excerpt":{"rendered":"","protected":false},"author":2,"featured_media":0,"parent":0,"menu_order":0,"comment_status":"closed","ping_status":"closed","template":"","meta":{"content-type":"","footnotes":""},"class_list":["post-681","page","type-page","status-publish","hentry"],"yoast_head":"<!-- This site is optimized with the Yoast SEO plugin v27.4 - https:\/\/yoast.com\/product\/yoast-seo-wordpress\/ -->\n<title>producteur des barres chrom\u00e9es pour constructeur des verins.<\/title>\n<meta name=\"description\" content=\"Le v\u00e9rin est compos\u00e9 d&#039;un cylindre dans lequel se trouve un piston qui s\u00e9pare le volume du cylindre en deux chambres herm\u00e9tiques et isol\u00e9es.\" \/>\n<meta name=\"robots\" content=\"index, follow, max-snippet:-1, max-image-preview:large, max-video-preview:-1\" \/>\n<link rel=\"canonical\" href=\"https:\/\/www.uranie-inter.com\/notre-metier\/\" \/>\n<meta property=\"og:locale\" content=\"fr_FR\" \/>\n<meta property=\"og:type\" content=\"article\" \/>\n<meta property=\"og:title\" content=\"producteur des barres chrom\u00e9es pour constructeur des verins.\" \/>\n<meta property=\"og:description\" content=\"Le v\u00e9rin est compos\u00e9 d&#039;un cylindre dans lequel se trouve un piston qui s\u00e9pare le volume du cylindre en deux chambres herm\u00e9tiques et isol\u00e9es.\" \/>\n<meta property=\"og:url\" content=\"https:\/\/www.uranie-inter.com\/notre-metier\/\" \/>\n<meta property=\"og:site_name\" content=\"Uranie International\" \/>\n<meta property=\"article:modified_time\" content=\"2018-07-25T14:10:27+00:00\" \/>\n<meta name=\"twitter:card\" content=\"summary_large_image\" \/>\n<script type=\"application\/ld+json\" class=\"yoast-schema-graph\">{\"@context\":\"https:\\\/\\\/schema.org\",\"@graph\":[{\"@type\":\"WebPage\",\"@id\":\"https:\\\/\\\/www.uranie-inter.com\\\/notre-metier\\\/\",\"url\":\"https:\\\/\\\/www.uranie-inter.com\\\/notre-metier\\\/\",\"name\":\"producteur des barres chrom\u00e9es pour constructeur des verins.\",\"isPartOf\":{\"@id\":\"https:\\\/\\\/www.uranie-inter.com\\\/#website\"},\"datePublished\":\"2018-04-06T13:33:19+00:00\",\"dateModified\":\"2018-07-25T14:10:27+00:00\",\"description\":\"Le v\u00e9rin est compos\u00e9 d'un cylindre dans lequel se trouve un piston qui s\u00e9pare le volume du cylindre en deux chambres herm\u00e9tiques et isol\u00e9es.\",\"breadcrumb\":{\"@id\":\"https:\\\/\\\/www.uranie-inter.com\\\/notre-metier\\\/#breadcrumb\"},\"inLanguage\":\"fr-FR\",\"potentialAction\":[{\"@type\":\"ReadAction\",\"target\":[\"https:\\\/\\\/www.uranie-inter.com\\\/notre-metier\\\/\"]}]},{\"@type\":\"BreadcrumbList\",\"@id\":\"https:\\\/\\\/www.uranie-inter.com\\\/notre-metier\\\/#breadcrumb\",\"itemListElement\":[{\"@type\":\"ListItem\",\"position\":1,\"name\":\"Accueil\",\"item\":\"https:\\\/\\\/www.uranie-inter.com\\\/fr\\\/\"},{\"@type\":\"ListItem\",\"position\":2,\"name\":\"Notre m\u00e9tier\"}]},{\"@type\":\"WebSite\",\"@id\":\"https:\\\/\\\/www.uranie-inter.com\\\/#website\",\"url\":\"https:\\\/\\\/www.uranie-inter.com\\\/\",\"name\":\"Uranie International\",\"description\":\"Uranie International | tube chrom\u00e9 et tube al\u00e9s\u00e9 galet\u00e9\",\"publisher\":{\"@id\":\"https:\\\/\\\/www.uranie-inter.com\\\/#organization\"},\"potentialAction\":[{\"@type\":\"SearchAction\",\"target\":{\"@type\":\"EntryPoint\",\"urlTemplate\":\"https:\\\/\\\/www.uranie-inter.com\\\/?s={search_term_string}\"},\"query-input\":{\"@type\":\"PropertyValueSpecification\",\"valueRequired\":true,\"valueName\":\"search_term_string\"}}],\"inLanguage\":\"fr-FR\"},{\"@type\":\"Organization\",\"@id\":\"https:\\\/\\\/www.uranie-inter.com\\\/#organization\",\"name\":\"URANIE International\",\"url\":\"https:\\\/\\\/www.uranie-inter.com\\\/\",\"logo\":{\"@type\":\"ImageObject\",\"inLanguage\":\"fr-FR\",\"@id\":\"https:\\\/\\\/www.uranie-inter.com\\\/#\\\/schema\\\/logo\\\/image\\\/\",\"url\":\"https:\\\/\\\/www.uranie-inter.com\\\/wp-content\\\/uploads\\\/2018\\\/02\\\/logo-uranie-international.jpg\",\"contentUrl\":\"https:\\\/\\\/www.uranie-inter.com\\\/wp-content\\\/uploads\\\/2018\\\/02\\\/logo-uranie-international.jpg\",\"width\":1022,\"height\":343,\"caption\":\"URANIE International\"},\"image\":{\"@id\":\"https:\\\/\\\/www.uranie-inter.com\\\/#\\\/schema\\\/logo\\\/image\\\/\"},\"sameAs\":[\"https:\\\/\\\/fr.linkedin.com\\\/company\\\/uranie-international\",\"https:\\\/\\\/www.youtube.com\\\/channel\\\/UCsL_qJmfLWBBMwiAIMM5XiQ\"]}]}<\/script>\n<!-- \/ Yoast SEO plugin. -->","yoast_head_json":{"title":"producteur des barres chrom\u00e9es pour constructeur des verins.","description":"Le v\u00e9rin est compos\u00e9 d'un cylindre dans lequel se trouve un piston qui s\u00e9pare le volume du cylindre en deux chambres herm\u00e9tiques et isol\u00e9es.","robots":{"index":"index","follow":"follow","max-snippet":"max-snippet:-1","max-image-preview":"max-image-preview:large","max-video-preview":"max-video-preview:-1"},"canonical":"https:\/\/www.uranie-inter.com\/notre-metier\/","og_locale":"fr_FR","og_type":"article","og_title":"producteur des barres chrom\u00e9es pour constructeur des verins.","og_description":"Le v\u00e9rin est compos\u00e9 d'un cylindre dans lequel se trouve un piston qui s\u00e9pare le volume du cylindre en deux chambres herm\u00e9tiques et isol\u00e9es.","og_url":"https:\/\/www.uranie-inter.com\/notre-metier\/","og_site_name":"Uranie International","article_modified_time":"2018-07-25T14:10:27+00:00","twitter_card":"summary_large_image","schema":{"@context":"https:\/\/schema.org","@graph":[{"@type":"WebPage","@id":"https:\/\/www.uranie-inter.com\/notre-metier\/","url":"https:\/\/www.uranie-inter.com\/notre-metier\/","name":"producteur des barres chrom\u00e9es pour constructeur des verins.","isPartOf":{"@id":"https:\/\/www.uranie-inter.com\/#website"},"datePublished":"2018-04-06T13:33:19+00:00","dateModified":"2018-07-25T14:10:27+00:00","description":"Le v\u00e9rin est compos\u00e9 d'un cylindre dans lequel se trouve un piston qui s\u00e9pare le volume du cylindre en deux chambres herm\u00e9tiques et isol\u00e9es.","breadcrumb":{"@id":"https:\/\/www.uranie-inter.com\/notre-metier\/#breadcrumb"},"inLanguage":"fr-FR","potentialAction":[{"@type":"ReadAction","target":["https:\/\/www.uranie-inter.com\/notre-metier\/"]}]},{"@type":"BreadcrumbList","@id":"https:\/\/www.uranie-inter.com\/notre-metier\/#breadcrumb","itemListElement":[{"@type":"ListItem","position":1,"name":"Accueil","item":"https:\/\/www.uranie-inter.com\/fr\/"},{"@type":"ListItem","position":2,"name":"Notre m\u00e9tier"}]},{"@type":"WebSite","@id":"https:\/\/www.uranie-inter.com\/#website","url":"https:\/\/www.uranie-inter.com\/","name":"Uranie International","description":"Uranie International | tube chrom\u00e9 et tube al\u00e9s\u00e9 galet\u00e9","publisher":{"@id":"https:\/\/www.uranie-inter.com\/#organization"},"potentialAction":[{"@type":"SearchAction","target":{"@type":"EntryPoint","urlTemplate":"https:\/\/www.uranie-inter.com\/?s={search_term_string}"},"query-input":{"@type":"PropertyValueSpecification","valueRequired":true,"valueName":"search_term_string"}}],"inLanguage":"fr-FR"},{"@type":"Organization","@id":"https:\/\/www.uranie-inter.com\/#organization","name":"URANIE International","url":"https:\/\/www.uranie-inter.com\/","logo":{"@type":"ImageObject","inLanguage":"fr-FR","@id":"https:\/\/www.uranie-inter.com\/#\/schema\/logo\/image\/","url":"https:\/\/www.uranie-inter.com\/wp-content\/uploads\/2018\/02\/logo-uranie-international.jpg","contentUrl":"https:\/\/www.uranie-inter.com\/wp-content\/uploads\/2018\/02\/logo-uranie-international.jpg","width":1022,"height":343,"caption":"URANIE International"},"image":{"@id":"https:\/\/www.uranie-inter.com\/#\/schema\/logo\/image\/"},"sameAs":["https:\/\/fr.linkedin.com\/company\/uranie-international","https:\/\/www.youtube.com\/channel\/UCsL_qJmfLWBBMwiAIMM5XiQ"]}]}},"_links":{"self":[{"href":"https:\/\/www.uranie-inter.com\/fr\/wp-json\/wp\/v2\/pages\/681","targetHints":{"allow":["GET"]}}],"collection":[{"href":"https:\/\/www.uranie-inter.com\/fr\/wp-json\/wp\/v2\/pages"}],"about":[{"href":"https:\/\/www.uranie-inter.com\/fr\/wp-json\/wp\/v2\/types\/page"}],"author":[{"embeddable":true,"href":"https:\/\/www.uranie-inter.com\/fr\/wp-json\/wp\/v2\/users\/2"}],"replies":[{"embeddable":true,"href":"https:\/\/www.uranie-inter.com\/fr\/wp-json\/wp\/v2\/comments?post=681"}],"version-history":[{"count":1,"href":"https:\/\/www.uranie-inter.com\/fr\/wp-json\/wp\/v2\/pages\/681\/revisions"}],"predecessor-version":[{"id":682,"href":"https:\/\/www.uranie-inter.com\/fr\/wp-json\/wp\/v2\/pages\/681\/revisions\/682"}],"wp:attachment":[{"href":"https:\/\/www.uranie-inter.com\/fr\/wp-json\/wp\/v2\/media?parent=681"}],"curies":[{"name":"wp","href":"https:\/\/api.w.org\/{rel}","templated":true}]}}