{"id":679,"date":"2018-04-06T15:32:40","date_gmt":"2018-04-06T13:32:40","guid":{"rendered":"http:\/\/www.uranie-inter.com\/?page_id=679"},"modified":"2018-07-13T11:56:12","modified_gmt":"2018-07-13T09:56:12","slug":"formation-uranie","status":"publish","type":"page","link":"https:\/\/www.uranie-inter.com\/fr\/formation-uranie\/","title":{"rendered":"Formation URANIE"},"content":{"rendered":"","protected":false},"excerpt":{"rendered":"","protected":false},"author":2,"featured_media":0,"parent":0,"menu_order":0,"comment_status":"closed","ping_status":"closed","template":"","meta":{"content-type":"","footnotes":""},"class_list":["post-679","page","type-page","status-publish","hentry"],"yoast_head":"<!-- This site is optimized with the Yoast SEO plugin v27.4 - https:\/\/yoast.com\/product\/yoast-seo-wordpress\/ -->\n<title>Formation continue de nos collaborateurs - Uranie International<\/title>\n<meta name=\"description\" content=\"Chez Uranie International la formation est consid\u00e9r\u00e9e comme un \u00e9l\u00e9ment important du d\u00e9veloppement des personnes et des organisations. En agissant sur les comp\u00e9tences des travailleurs, la formation est un des moteurs essentiels de l\u2019efficacit\u00e9 professionnelle.\" \/>\n<meta name=\"robots\" content=\"index, follow, max-snippet:-1, max-image-preview:large, max-video-preview:-1\" \/>\n<link rel=\"canonical\" href=\"https:\/\/www.uranie-inter.com\/formation-uranie\/\" \/>\n<meta property=\"og:locale\" content=\"fr_FR\" \/>\n<meta property=\"og:type\" content=\"article\" \/>\n<meta property=\"og:title\" content=\"Formation continue de nos collaborateurs - Uranie International\" \/>\n<meta property=\"og:description\" content=\"Chez Uranie International la formation est consid\u00e9r\u00e9e comme un \u00e9l\u00e9ment important du d\u00e9veloppement des personnes et des organisations. En agissant sur les comp\u00e9tences des travailleurs, la formation est un des moteurs essentiels de l\u2019efficacit\u00e9 professionnelle.\" \/>\n<meta property=\"og:url\" content=\"https:\/\/www.uranie-inter.com\/formation-uranie\/\" \/>\n<meta property=\"og:site_name\" content=\"Uranie International\" \/>\n<meta property=\"article:modified_time\" content=\"2018-07-13T09:56:12+00:00\" \/>\n<meta name=\"twitter:card\" content=\"summary_large_image\" \/>\n<script type=\"application\/ld+json\" class=\"yoast-schema-graph\">{\"@context\":\"https:\\\/\\\/schema.org\",\"@graph\":[{\"@type\":\"WebPage\",\"@id\":\"https:\\\/\\\/www.uranie-inter.com\\\/formation-uranie\\\/\",\"url\":\"https:\\\/\\\/www.uranie-inter.com\\\/formation-uranie\\\/\",\"name\":\"Formation continue de nos collaborateurs - Uranie International\",\"isPartOf\":{\"@id\":\"https:\\\/\\\/www.uranie-inter.com\\\/#website\"},\"datePublished\":\"2018-04-06T13:32:40+00:00\",\"dateModified\":\"2018-07-13T09:56:12+00:00\",\"description\":\"Chez Uranie International la formation est consid\u00e9r\u00e9e comme un \u00e9l\u00e9ment important du d\u00e9veloppement des personnes et des organisations. En agissant sur les comp\u00e9tences des travailleurs, la formation est un des moteurs essentiels de l\u2019efficacit\u00e9 professionnelle.\",\"breadcrumb\":{\"@id\":\"https:\\\/\\\/www.uranie-inter.com\\\/formation-uranie\\\/#breadcrumb\"},\"inLanguage\":\"fr-FR\",\"potentialAction\":[{\"@type\":\"ReadAction\",\"target\":[\"https:\\\/\\\/www.uranie-inter.com\\\/formation-uranie\\\/\"]}]},{\"@type\":\"BreadcrumbList\",\"@id\":\"https:\\\/\\\/www.uranie-inter.com\\\/formation-uranie\\\/#breadcrumb\",\"itemListElement\":[{\"@type\":\"ListItem\",\"position\":1,\"name\":\"Accueil\",\"item\":\"https:\\\/\\\/www.uranie-inter.com\\\/fr\\\/\"},{\"@type\":\"ListItem\",\"position\":2,\"name\":\"Formation URANIE\"}]},{\"@type\":\"WebSite\",\"@id\":\"https:\\\/\\\/www.uranie-inter.com\\\/#website\",\"url\":\"https:\\\/\\\/www.uranie-inter.com\\\/\",\"name\":\"Uranie International\",\"description\":\"Uranie International | tube chrom\u00e9 et tube al\u00e9s\u00e9 galet\u00e9\",\"publisher\":{\"@id\":\"https:\\\/\\\/www.uranie-inter.com\\\/#organization\"},\"potentialAction\":[{\"@type\":\"SearchAction\",\"target\":{\"@type\":\"EntryPoint\",\"urlTemplate\":\"https:\\\/\\\/www.uranie-inter.com\\\/?s={search_term_string}\"},\"query-input\":{\"@type\":\"PropertyValueSpecification\",\"valueRequired\":true,\"valueName\":\"search_term_string\"}}],\"inLanguage\":\"fr-FR\"},{\"@type\":\"Organization\",\"@id\":\"https:\\\/\\\/www.uranie-inter.com\\\/#organization\",\"name\":\"URANIE International\",\"url\":\"https:\\\/\\\/www.uranie-inter.com\\\/\",\"logo\":{\"@type\":\"ImageObject\",\"inLanguage\":\"fr-FR\",\"@id\":\"https:\\\/\\\/www.uranie-inter.com\\\/#\\\/schema\\\/logo\\\/image\\\/\",\"url\":\"https:\\\/\\\/www.uranie-inter.com\\\/wp-content\\\/uploads\\\/2018\\\/02\\\/logo-uranie-international.jpg\",\"contentUrl\":\"https:\\\/\\\/www.uranie-inter.com\\\/wp-content\\\/uploads\\\/2018\\\/02\\\/logo-uranie-international.jpg\",\"width\":1022,\"height\":343,\"caption\":\"URANIE International\"},\"image\":{\"@id\":\"https:\\\/\\\/www.uranie-inter.com\\\/#\\\/schema\\\/logo\\\/image\\\/\"},\"sameAs\":[\"https:\\\/\\\/fr.linkedin.com\\\/company\\\/uranie-international\",\"https:\\\/\\\/www.youtube.com\\\/channel\\\/UCsL_qJmfLWBBMwiAIMM5XiQ\"]}]}<\/script>\n<!-- \/ Yoast SEO plugin. -->","yoast_head_json":{"title":"Formation continue de nos collaborateurs - Uranie International","description":"Chez Uranie International la formation est consid\u00e9r\u00e9e comme un \u00e9l\u00e9ment important du d\u00e9veloppement des personnes et des organisations. En agissant sur les comp\u00e9tences des travailleurs, la formation est un des moteurs essentiels de l\u2019efficacit\u00e9 professionnelle.","robots":{"index":"index","follow":"follow","max-snippet":"max-snippet:-1","max-image-preview":"max-image-preview:large","max-video-preview":"max-video-preview:-1"},"canonical":"https:\/\/www.uranie-inter.com\/formation-uranie\/","og_locale":"fr_FR","og_type":"article","og_title":"Formation continue de nos collaborateurs - Uranie International","og_description":"Chez Uranie International la formation est consid\u00e9r\u00e9e comme un \u00e9l\u00e9ment important du d\u00e9veloppement des personnes et des organisations. En agissant sur les comp\u00e9tences des travailleurs, la formation est un des moteurs essentiels de l\u2019efficacit\u00e9 professionnelle.","og_url":"https:\/\/www.uranie-inter.com\/formation-uranie\/","og_site_name":"Uranie International","article_modified_time":"2018-07-13T09:56:12+00:00","twitter_card":"summary_large_image","schema":{"@context":"https:\/\/schema.org","@graph":[{"@type":"WebPage","@id":"https:\/\/www.uranie-inter.com\/formation-uranie\/","url":"https:\/\/www.uranie-inter.com\/formation-uranie\/","name":"Formation continue de nos collaborateurs - Uranie International","isPartOf":{"@id":"https:\/\/www.uranie-inter.com\/#website"},"datePublished":"2018-04-06T13:32:40+00:00","dateModified":"2018-07-13T09:56:12+00:00","description":"Chez Uranie International la formation est consid\u00e9r\u00e9e comme un \u00e9l\u00e9ment important du d\u00e9veloppement des personnes et des organisations. En agissant sur les comp\u00e9tences des travailleurs, la formation est un des moteurs essentiels de l\u2019efficacit\u00e9 professionnelle.","breadcrumb":{"@id":"https:\/\/www.uranie-inter.com\/formation-uranie\/#breadcrumb"},"inLanguage":"fr-FR","potentialAction":[{"@type":"ReadAction","target":["https:\/\/www.uranie-inter.com\/formation-uranie\/"]}]},{"@type":"BreadcrumbList","@id":"https:\/\/www.uranie-inter.com\/formation-uranie\/#breadcrumb","itemListElement":[{"@type":"ListItem","position":1,"name":"Accueil","item":"https:\/\/www.uranie-inter.com\/fr\/"},{"@type":"ListItem","position":2,"name":"Formation URANIE"}]},{"@type":"WebSite","@id":"https:\/\/www.uranie-inter.com\/#website","url":"https:\/\/www.uranie-inter.com\/","name":"Uranie International","description":"Uranie International | tube chrom\u00e9 et tube al\u00e9s\u00e9 galet\u00e9","publisher":{"@id":"https:\/\/www.uranie-inter.com\/#organization"},"potentialAction":[{"@type":"SearchAction","target":{"@type":"EntryPoint","urlTemplate":"https:\/\/www.uranie-inter.com\/?s={search_term_string}"},"query-input":{"@type":"PropertyValueSpecification","valueRequired":true,"valueName":"search_term_string"}}],"inLanguage":"fr-FR"},{"@type":"Organization","@id":"https:\/\/www.uranie-inter.com\/#organization","name":"URANIE International","url":"https:\/\/www.uranie-inter.com\/","logo":{"@type":"ImageObject","inLanguage":"fr-FR","@id":"https:\/\/www.uranie-inter.com\/#\/schema\/logo\/image\/","url":"https:\/\/www.uranie-inter.com\/wp-content\/uploads\/2018\/02\/logo-uranie-international.jpg","contentUrl":"https:\/\/www.uranie-inter.com\/wp-content\/uploads\/2018\/02\/logo-uranie-international.jpg","width":1022,"height":343,"caption":"URANIE International"},"image":{"@id":"https:\/\/www.uranie-inter.com\/#\/schema\/logo\/image\/"},"sameAs":["https:\/\/fr.linkedin.com\/company\/uranie-international","https:\/\/www.youtube.com\/channel\/UCsL_qJmfLWBBMwiAIMM5XiQ"]}]}},"_links":{"self":[{"href":"https:\/\/www.uranie-inter.com\/fr\/wp-json\/wp\/v2\/pages\/679","targetHints":{"allow":["GET"]}}],"collection":[{"href":"https:\/\/www.uranie-inter.com\/fr\/wp-json\/wp\/v2\/pages"}],"about":[{"href":"https:\/\/www.uranie-inter.com\/fr\/wp-json\/wp\/v2\/types\/page"}],"author":[{"embeddable":true,"href":"https:\/\/www.uranie-inter.com\/fr\/wp-json\/wp\/v2\/users\/2"}],"replies":[{"embeddable":true,"href":"https:\/\/www.uranie-inter.com\/fr\/wp-json\/wp\/v2\/comments?post=679"}],"version-history":[{"count":1,"href":"https:\/\/www.uranie-inter.com\/fr\/wp-json\/wp\/v2\/pages\/679\/revisions"}],"predecessor-version":[{"id":680,"href":"https:\/\/www.uranie-inter.com\/fr\/wp-json\/wp\/v2\/pages\/679\/revisions\/680"}],"wp:attachment":[{"href":"https:\/\/www.uranie-inter.com\/fr\/wp-json\/wp\/v2\/media?parent=679"}],"curies":[{"name":"wp","href":"https:\/\/api.w.org\/{rel}","templated":true}]}}