{"id":363,"date":"2018-03-19T10:20:31","date_gmt":"2018-03-19T09:20:31","guid":{"rendered":"http:\/\/www.uranie-inter.com\/?page_id=363"},"modified":"2022-06-17T17:41:42","modified_gmt":"2022-06-17T15:41:42","slug":"recherche-et-developpement","status":"publish","type":"page","link":"https:\/\/www.uranie-inter.com\/fr\/recherche-et-developpement\/","title":{"rendered":"Recherche et D\u00e9veloppement"},"content":{"rendered":"","protected":false},"excerpt":{"rendered":"","protected":false},"author":2,"featured_media":0,"parent":0,"menu_order":0,"comment_status":"closed","ping_status":"closed","template":"","meta":{"content-type":"","footnotes":""},"class_list":["post-363","page","type-page","status-publish","hentry"],"yoast_head":"<!-- This site is optimized with the Yoast SEO plugin v27.5 - https:\/\/yoast.com\/product\/yoast-seo-wordpress\/ -->\n<title>Les ing\u00e9nieurs d\u2019Uranie travaillent au d\u00e9veloppement des processus de production.<\/title>\n<meta name=\"description\" content=\"Chez Uranie nous adoptons la d\u00e9marche \u00ab usine id\u00e9ale \u00bb. L\u2019usine id\u00e9ale c\u2019est celle qui, \u00e0 tous les niveaux hi\u00e9rarchiques et \u00e0 tous les stades de la production, organise la r\u00e9duction syst\u00e9matique des pertes de productivit\u00e9 dans la totalit\u00e9 du processus industriel.\" \/>\n<meta name=\"robots\" content=\"index, follow, max-snippet:-1, max-image-preview:large, max-video-preview:-1\" \/>\n<link rel=\"canonical\" href=\"https:\/\/www.uranie-inter.com\/recherche-et-developpement\/\" \/>\n<meta property=\"og:locale\" content=\"fr_FR\" \/>\n<meta property=\"og:type\" content=\"article\" \/>\n<meta property=\"og:title\" content=\"Les ing\u00e9nieurs d\u2019Uranie travaillent au d\u00e9veloppement des processus de production.\" \/>\n<meta property=\"og:description\" content=\"Chez Uranie nous adoptons la d\u00e9marche \u00ab usine id\u00e9ale \u00bb. L\u2019usine id\u00e9ale c\u2019est celle qui, \u00e0 tous les niveaux hi\u00e9rarchiques et \u00e0 tous les stades de la production, organise la r\u00e9duction syst\u00e9matique des pertes de productivit\u00e9 dans la totalit\u00e9 du processus industriel.\" \/>\n<meta property=\"og:url\" content=\"https:\/\/www.uranie-inter.com\/recherche-et-developpement\/\" \/>\n<meta property=\"og:site_name\" content=\"Uranie International\" \/>\n<meta property=\"article:modified_time\" content=\"2022-06-17T15:41:42+00:00\" \/>\n<meta name=\"twitter:card\" content=\"summary_large_image\" \/>\n<script type=\"application\/ld+json\" class=\"yoast-schema-graph\">{\"@context\":\"https:\\\/\\\/schema.org\",\"@graph\":[{\"@type\":\"WebPage\",\"@id\":\"https:\\\/\\\/www.uranie-inter.com\\\/recherche-et-developpement\\\/\",\"url\":\"https:\\\/\\\/www.uranie-inter.com\\\/recherche-et-developpement\\\/\",\"name\":\"Les ing\u00e9nieurs d\u2019Uranie travaillent au d\u00e9veloppement des processus de production.\",\"isPartOf\":{\"@id\":\"https:\\\/\\\/www.uranie-inter.com\\\/#website\"},\"datePublished\":\"2018-03-19T09:20:31+00:00\",\"dateModified\":\"2022-06-17T15:41:42+00:00\",\"description\":\"Chez Uranie nous adoptons la d\u00e9marche \u00ab usine id\u00e9ale \u00bb. L\u2019usine id\u00e9ale c\u2019est celle qui, \u00e0 tous les niveaux hi\u00e9rarchiques et \u00e0 tous les stades de la production, organise la r\u00e9duction syst\u00e9matique des pertes de productivit\u00e9 dans la totalit\u00e9 du processus industriel.\",\"breadcrumb\":{\"@id\":\"https:\\\/\\\/www.uranie-inter.com\\\/recherche-et-developpement\\\/#breadcrumb\"},\"inLanguage\":\"fr-FR\",\"potentialAction\":[{\"@type\":\"ReadAction\",\"target\":[\"https:\\\/\\\/www.uranie-inter.com\\\/recherche-et-developpement\\\/\"]}]},{\"@type\":\"BreadcrumbList\",\"@id\":\"https:\\\/\\\/www.uranie-inter.com\\\/recherche-et-developpement\\\/#breadcrumb\",\"itemListElement\":[{\"@type\":\"ListItem\",\"position\":1,\"name\":\"Accueil\",\"item\":\"https:\\\/\\\/www.uranie-inter.com\\\/fr\\\/\"},{\"@type\":\"ListItem\",\"position\":2,\"name\":\"Recherche et D\u00e9veloppement\"}]},{\"@type\":\"WebSite\",\"@id\":\"https:\\\/\\\/www.uranie-inter.com\\\/#website\",\"url\":\"https:\\\/\\\/www.uranie-inter.com\\\/\",\"name\":\"Uranie International\",\"description\":\"Uranie International | tube chrom\u00e9 et tube al\u00e9s\u00e9 galet\u00e9\",\"publisher\":{\"@id\":\"https:\\\/\\\/www.uranie-inter.com\\\/#organization\"},\"potentialAction\":[{\"@type\":\"SearchAction\",\"target\":{\"@type\":\"EntryPoint\",\"urlTemplate\":\"https:\\\/\\\/www.uranie-inter.com\\\/?s={search_term_string}\"},\"query-input\":{\"@type\":\"PropertyValueSpecification\",\"valueRequired\":true,\"valueName\":\"search_term_string\"}}],\"inLanguage\":\"fr-FR\"},{\"@type\":\"Organization\",\"@id\":\"https:\\\/\\\/www.uranie-inter.com\\\/#organization\",\"name\":\"URANIE International\",\"url\":\"https:\\\/\\\/www.uranie-inter.com\\\/\",\"logo\":{\"@type\":\"ImageObject\",\"inLanguage\":\"fr-FR\",\"@id\":\"https:\\\/\\\/www.uranie-inter.com\\\/#\\\/schema\\\/logo\\\/image\\\/\",\"url\":\"https:\\\/\\\/www.uranie-inter.com\\\/wp-content\\\/uploads\\\/2018\\\/02\\\/logo-uranie-international.jpg\",\"contentUrl\":\"https:\\\/\\\/www.uranie-inter.com\\\/wp-content\\\/uploads\\\/2018\\\/02\\\/logo-uranie-international.jpg\",\"width\":1022,\"height\":343,\"caption\":\"URANIE International\"},\"image\":{\"@id\":\"https:\\\/\\\/www.uranie-inter.com\\\/#\\\/schema\\\/logo\\\/image\\\/\"},\"sameAs\":[\"https:\\\/\\\/fr.linkedin.com\\\/company\\\/uranie-international\",\"https:\\\/\\\/www.youtube.com\\\/channel\\\/UCsL_qJmfLWBBMwiAIMM5XiQ\"]}]}<\/script>\n<!-- \/ Yoast SEO plugin. -->","yoast_head_json":{"title":"Les ing\u00e9nieurs d\u2019Uranie travaillent au d\u00e9veloppement des processus de production.","description":"Chez Uranie nous adoptons la d\u00e9marche \u00ab usine id\u00e9ale \u00bb. L\u2019usine id\u00e9ale c\u2019est celle qui, \u00e0 tous les niveaux hi\u00e9rarchiques et \u00e0 tous les stades de la production, organise la r\u00e9duction syst\u00e9matique des pertes de productivit\u00e9 dans la totalit\u00e9 du processus industriel.","robots":{"index":"index","follow":"follow","max-snippet":"max-snippet:-1","max-image-preview":"max-image-preview:large","max-video-preview":"max-video-preview:-1"},"canonical":"https:\/\/www.uranie-inter.com\/recherche-et-developpement\/","og_locale":"fr_FR","og_type":"article","og_title":"Les ing\u00e9nieurs d\u2019Uranie travaillent au d\u00e9veloppement des processus de production.","og_description":"Chez Uranie nous adoptons la d\u00e9marche \u00ab usine id\u00e9ale \u00bb. L\u2019usine id\u00e9ale c\u2019est celle qui, \u00e0 tous les niveaux hi\u00e9rarchiques et \u00e0 tous les stades de la production, organise la r\u00e9duction syst\u00e9matique des pertes de productivit\u00e9 dans la totalit\u00e9 du processus industriel.","og_url":"https:\/\/www.uranie-inter.com\/recherche-et-developpement\/","og_site_name":"Uranie International","article_modified_time":"2022-06-17T15:41:42+00:00","twitter_card":"summary_large_image","schema":{"@context":"https:\/\/schema.org","@graph":[{"@type":"WebPage","@id":"https:\/\/www.uranie-inter.com\/recherche-et-developpement\/","url":"https:\/\/www.uranie-inter.com\/recherche-et-developpement\/","name":"Les ing\u00e9nieurs d\u2019Uranie travaillent au d\u00e9veloppement des processus de production.","isPartOf":{"@id":"https:\/\/www.uranie-inter.com\/#website"},"datePublished":"2018-03-19T09:20:31+00:00","dateModified":"2022-06-17T15:41:42+00:00","description":"Chez Uranie nous adoptons la d\u00e9marche \u00ab usine id\u00e9ale \u00bb. L\u2019usine id\u00e9ale c\u2019est celle qui, \u00e0 tous les niveaux hi\u00e9rarchiques et \u00e0 tous les stades de la production, organise la r\u00e9duction syst\u00e9matique des pertes de productivit\u00e9 dans la totalit\u00e9 du processus industriel.","breadcrumb":{"@id":"https:\/\/www.uranie-inter.com\/recherche-et-developpement\/#breadcrumb"},"inLanguage":"fr-FR","potentialAction":[{"@type":"ReadAction","target":["https:\/\/www.uranie-inter.com\/recherche-et-developpement\/"]}]},{"@type":"BreadcrumbList","@id":"https:\/\/www.uranie-inter.com\/recherche-et-developpement\/#breadcrumb","itemListElement":[{"@type":"ListItem","position":1,"name":"Accueil","item":"https:\/\/www.uranie-inter.com\/fr\/"},{"@type":"ListItem","position":2,"name":"Recherche et D\u00e9veloppement"}]},{"@type":"WebSite","@id":"https:\/\/www.uranie-inter.com\/#website","url":"https:\/\/www.uranie-inter.com\/","name":"Uranie International","description":"Uranie International | tube chrom\u00e9 et tube al\u00e9s\u00e9 galet\u00e9","publisher":{"@id":"https:\/\/www.uranie-inter.com\/#organization"},"potentialAction":[{"@type":"SearchAction","target":{"@type":"EntryPoint","urlTemplate":"https:\/\/www.uranie-inter.com\/?s={search_term_string}"},"query-input":{"@type":"PropertyValueSpecification","valueRequired":true,"valueName":"search_term_string"}}],"inLanguage":"fr-FR"},{"@type":"Organization","@id":"https:\/\/www.uranie-inter.com\/#organization","name":"URANIE International","url":"https:\/\/www.uranie-inter.com\/","logo":{"@type":"ImageObject","inLanguage":"fr-FR","@id":"https:\/\/www.uranie-inter.com\/#\/schema\/logo\/image\/","url":"https:\/\/www.uranie-inter.com\/wp-content\/uploads\/2018\/02\/logo-uranie-international.jpg","contentUrl":"https:\/\/www.uranie-inter.com\/wp-content\/uploads\/2018\/02\/logo-uranie-international.jpg","width":1022,"height":343,"caption":"URANIE International"},"image":{"@id":"https:\/\/www.uranie-inter.com\/#\/schema\/logo\/image\/"},"sameAs":["https:\/\/fr.linkedin.com\/company\/uranie-international","https:\/\/www.youtube.com\/channel\/UCsL_qJmfLWBBMwiAIMM5XiQ"]}]}},"_links":{"self":[{"href":"https:\/\/www.uranie-inter.com\/fr\/wp-json\/wp\/v2\/pages\/363","targetHints":{"allow":["GET"]}}],"collection":[{"href":"https:\/\/www.uranie-inter.com\/fr\/wp-json\/wp\/v2\/pages"}],"about":[{"href":"https:\/\/www.uranie-inter.com\/fr\/wp-json\/wp\/v2\/types\/page"}],"author":[{"embeddable":true,"href":"https:\/\/www.uranie-inter.com\/fr\/wp-json\/wp\/v2\/users\/2"}],"replies":[{"embeddable":true,"href":"https:\/\/www.uranie-inter.com\/fr\/wp-json\/wp\/v2\/comments?post=363"}],"version-history":[{"count":2,"href":"https:\/\/www.uranie-inter.com\/fr\/wp-json\/wp\/v2\/pages\/363\/revisions"}],"predecessor-version":[{"id":382,"href":"https:\/\/www.uranie-inter.com\/fr\/wp-json\/wp\/v2\/pages\/363\/revisions\/382"}],"wp:attachment":[{"href":"https:\/\/www.uranie-inter.com\/fr\/wp-json\/wp\/v2\/media?parent=363"}],"curies":[{"name":"wp","href":"https:\/\/api.w.org\/{rel}","templated":true}]}}