{"id":2644,"date":"2023-09-13T16:44:10","date_gmt":"2023-09-13T14:44:10","guid":{"rendered":"https:\/\/www.uranie-inter.com\/?page_id=2644"},"modified":"2023-09-13T16:44:10","modified_gmt":"2023-09-13T14:44:10","slug":"uk-metals-expo-birmingham-uk","status":"publish","type":"page","link":"https:\/\/www.uranie-inter.com\/fr\/uk-metals-expo-birmingham-uk\/","title":{"rendered":"UK METALS EXPO &#8211; Birmingham UK"},"content":{"rendered":"<p>13th &#8211; 14th September 2023 <\/p>\n","protected":false},"excerpt":{"rendered":"<p>13th &#8211; 14th September 2023<\/p>\n","protected":false},"author":6,"featured_media":2645,"parent":0,"menu_order":0,"comment_status":"closed","ping_status":"closed","template":"","meta":{"content-type":"","footnotes":""},"class_list":["post-2644","page","type-page","status-publish","has-post-thumbnail","hentry"],"yoast_head":"<!-- This site is optimized with the Yoast SEO plugin v27.5 - https:\/\/yoast.com\/product\/yoast-seo-wordpress\/ -->\n<title>UK METALS EXPO - Birmingham UK - Uranie International<\/title>\n<meta name=\"robots\" content=\"index, follow, max-snippet:-1, max-image-preview:large, max-video-preview:-1\" \/>\n<link rel=\"canonical\" href=\"https:\/\/www.uranie-inter.com\/fr\/uk-metals-expo-birmingham-uk\/\" \/>\n<meta property=\"og:locale\" content=\"fr_FR\" \/>\n<meta property=\"og:type\" content=\"article\" \/>\n<meta property=\"og:title\" content=\"UK METALS EXPO - Birmingham UK - Uranie International\" \/>\n<meta property=\"og:description\" content=\"13th &#8211; 14th September 2023\" \/>\n<meta property=\"og:url\" content=\"https:\/\/www.uranie-inter.com\/fr\/uk-metals-expo-birmingham-uk\/\" \/>\n<meta property=\"og:site_name\" content=\"Uranie International\" \/>\n<meta property=\"og:image\" content=\"https:\/\/www.uranie-inter.com\/wp-content\/uploads\/2023\/09\/1694445435159.jpg\" \/>\n\t<meta property=\"og:image:width\" content=\"1280\" \/>\n\t<meta property=\"og:image:height\" content=\"1810\" \/>\n\t<meta property=\"og:image:type\" content=\"image\/jpeg\" \/>\n<meta name=\"twitter:card\" content=\"summary_large_image\" \/>\n<script type=\"application\/ld+json\" class=\"yoast-schema-graph\">{\"@context\":\"https:\\\/\\\/schema.org\",\"@graph\":[{\"@type\":\"WebPage\",\"@id\":\"https:\\\/\\\/www.uranie-inter.com\\\/fr\\\/uk-metals-expo-birmingham-uk\\\/\",\"url\":\"https:\\\/\\\/www.uranie-inter.com\\\/fr\\\/uk-metals-expo-birmingham-uk\\\/\",\"name\":\"UK METALS EXPO - Birmingham UK - Uranie International\",\"isPartOf\":{\"@id\":\"https:\\\/\\\/www.uranie-inter.com\\\/#website\"},\"primaryImageOfPage\":{\"@id\":\"https:\\\/\\\/www.uranie-inter.com\\\/fr\\\/uk-metals-expo-birmingham-uk\\\/#primaryimage\"},\"image\":{\"@id\":\"https:\\\/\\\/www.uranie-inter.com\\\/fr\\\/uk-metals-expo-birmingham-uk\\\/#primaryimage\"},\"thumbnailUrl\":\"https:\\\/\\\/www.uranie-inter.com\\\/wp-content\\\/uploads\\\/2023\\\/09\\\/1694445435159.jpg\",\"datePublished\":\"2023-09-13T14:44:10+00:00\",\"breadcrumb\":{\"@id\":\"https:\\\/\\\/www.uranie-inter.com\\\/fr\\\/uk-metals-expo-birmingham-uk\\\/#breadcrumb\"},\"inLanguage\":\"fr-FR\",\"potentialAction\":[{\"@type\":\"ReadAction\",\"target\":[\"https:\\\/\\\/www.uranie-inter.com\\\/fr\\\/uk-metals-expo-birmingham-uk\\\/\"]}]},{\"@type\":\"ImageObject\",\"inLanguage\":\"fr-FR\",\"@id\":\"https:\\\/\\\/www.uranie-inter.com\\\/fr\\\/uk-metals-expo-birmingham-uk\\\/#primaryimage\",\"url\":\"https:\\\/\\\/www.uranie-inter.com\\\/wp-content\\\/uploads\\\/2023\\\/09\\\/1694445435159.jpg\",\"contentUrl\":\"https:\\\/\\\/www.uranie-inter.com\\\/wp-content\\\/uploads\\\/2023\\\/09\\\/1694445435159.jpg\",\"width\":1280,\"height\":1810},{\"@type\":\"BreadcrumbList\",\"@id\":\"https:\\\/\\\/www.uranie-inter.com\\\/fr\\\/uk-metals-expo-birmingham-uk\\\/#breadcrumb\",\"itemListElement\":[{\"@type\":\"ListItem\",\"position\":1,\"name\":\"Accueil\",\"item\":\"https:\\\/\\\/www.uranie-inter.com\\\/fr\\\/\"},{\"@type\":\"ListItem\",\"position\":2,\"name\":\"UK METALS EXPO &#8211; Birmingham UK\"}]},{\"@type\":\"WebSite\",\"@id\":\"https:\\\/\\\/www.uranie-inter.com\\\/#website\",\"url\":\"https:\\\/\\\/www.uranie-inter.com\\\/\",\"name\":\"Uranie International\",\"description\":\"Uranie International | tube chrom\u00e9 et tube al\u00e9s\u00e9 galet\u00e9\",\"publisher\":{\"@id\":\"https:\\\/\\\/www.uranie-inter.com\\\/#organization\"},\"potentialAction\":[{\"@type\":\"SearchAction\",\"target\":{\"@type\":\"EntryPoint\",\"urlTemplate\":\"https:\\\/\\\/www.uranie-inter.com\\\/?s={search_term_string}\"},\"query-input\":{\"@type\":\"PropertyValueSpecification\",\"valueRequired\":true,\"valueName\":\"search_term_string\"}}],\"inLanguage\":\"fr-FR\"},{\"@type\":\"Organization\",\"@id\":\"https:\\\/\\\/www.uranie-inter.com\\\/#organization\",\"name\":\"URANIE International\",\"url\":\"https:\\\/\\\/www.uranie-inter.com\\\/\",\"logo\":{\"@type\":\"ImageObject\",\"inLanguage\":\"fr-FR\",\"@id\":\"https:\\\/\\\/www.uranie-inter.com\\\/#\\\/schema\\\/logo\\\/image\\\/\",\"url\":\"https:\\\/\\\/www.uranie-inter.com\\\/wp-content\\\/uploads\\\/2018\\\/02\\\/logo-uranie-international.jpg\",\"contentUrl\":\"https:\\\/\\\/www.uranie-inter.com\\\/wp-content\\\/uploads\\\/2018\\\/02\\\/logo-uranie-international.jpg\",\"width\":1022,\"height\":343,\"caption\":\"URANIE International\"},\"image\":{\"@id\":\"https:\\\/\\\/www.uranie-inter.com\\\/#\\\/schema\\\/logo\\\/image\\\/\"},\"sameAs\":[\"https:\\\/\\\/fr.linkedin.com\\\/company\\\/uranie-international\",\"https:\\\/\\\/www.youtube.com\\\/channel\\\/UCsL_qJmfLWBBMwiAIMM5XiQ\"]}]}<\/script>\n<!-- \/ Yoast SEO plugin. -->","yoast_head_json":{"title":"UK METALS EXPO - Birmingham UK - Uranie International","robots":{"index":"index","follow":"follow","max-snippet":"max-snippet:-1","max-image-preview":"max-image-preview:large","max-video-preview":"max-video-preview:-1"},"canonical":"https:\/\/www.uranie-inter.com\/fr\/uk-metals-expo-birmingham-uk\/","og_locale":"fr_FR","og_type":"article","og_title":"UK METALS EXPO - Birmingham UK - Uranie International","og_description":"13th &#8211; 14th September 2023","og_url":"https:\/\/www.uranie-inter.com\/fr\/uk-metals-expo-birmingham-uk\/","og_site_name":"Uranie International","og_image":[{"width":1280,"height":1810,"url":"https:\/\/www.uranie-inter.com\/wp-content\/uploads\/2023\/09\/1694445435159.jpg","type":"image\/jpeg"}],"twitter_card":"summary_large_image","schema":{"@context":"https:\/\/schema.org","@graph":[{"@type":"WebPage","@id":"https:\/\/www.uranie-inter.com\/fr\/uk-metals-expo-birmingham-uk\/","url":"https:\/\/www.uranie-inter.com\/fr\/uk-metals-expo-birmingham-uk\/","name":"UK METALS EXPO - Birmingham UK - Uranie International","isPartOf":{"@id":"https:\/\/www.uranie-inter.com\/#website"},"primaryImageOfPage":{"@id":"https:\/\/www.uranie-inter.com\/fr\/uk-metals-expo-birmingham-uk\/#primaryimage"},"image":{"@id":"https:\/\/www.uranie-inter.com\/fr\/uk-metals-expo-birmingham-uk\/#primaryimage"},"thumbnailUrl":"https:\/\/www.uranie-inter.com\/wp-content\/uploads\/2023\/09\/1694445435159.jpg","datePublished":"2023-09-13T14:44:10+00:00","breadcrumb":{"@id":"https:\/\/www.uranie-inter.com\/fr\/uk-metals-expo-birmingham-uk\/#breadcrumb"},"inLanguage":"fr-FR","potentialAction":[{"@type":"ReadAction","target":["https:\/\/www.uranie-inter.com\/fr\/uk-metals-expo-birmingham-uk\/"]}]},{"@type":"ImageObject","inLanguage":"fr-FR","@id":"https:\/\/www.uranie-inter.com\/fr\/uk-metals-expo-birmingham-uk\/#primaryimage","url":"https:\/\/www.uranie-inter.com\/wp-content\/uploads\/2023\/09\/1694445435159.jpg","contentUrl":"https:\/\/www.uranie-inter.com\/wp-content\/uploads\/2023\/09\/1694445435159.jpg","width":1280,"height":1810},{"@type":"BreadcrumbList","@id":"https:\/\/www.uranie-inter.com\/fr\/uk-metals-expo-birmingham-uk\/#breadcrumb","itemListElement":[{"@type":"ListItem","position":1,"name":"Accueil","item":"https:\/\/www.uranie-inter.com\/fr\/"},{"@type":"ListItem","position":2,"name":"UK METALS EXPO &#8211; Birmingham UK"}]},{"@type":"WebSite","@id":"https:\/\/www.uranie-inter.com\/#website","url":"https:\/\/www.uranie-inter.com\/","name":"Uranie International","description":"Uranie International | tube chrom\u00e9 et tube al\u00e9s\u00e9 galet\u00e9","publisher":{"@id":"https:\/\/www.uranie-inter.com\/#organization"},"potentialAction":[{"@type":"SearchAction","target":{"@type":"EntryPoint","urlTemplate":"https:\/\/www.uranie-inter.com\/?s={search_term_string}"},"query-input":{"@type":"PropertyValueSpecification","valueRequired":true,"valueName":"search_term_string"}}],"inLanguage":"fr-FR"},{"@type":"Organization","@id":"https:\/\/www.uranie-inter.com\/#organization","name":"URANIE International","url":"https:\/\/www.uranie-inter.com\/","logo":{"@type":"ImageObject","inLanguage":"fr-FR","@id":"https:\/\/www.uranie-inter.com\/#\/schema\/logo\/image\/","url":"https:\/\/www.uranie-inter.com\/wp-content\/uploads\/2018\/02\/logo-uranie-international.jpg","contentUrl":"https:\/\/www.uranie-inter.com\/wp-content\/uploads\/2018\/02\/logo-uranie-international.jpg","width":1022,"height":343,"caption":"URANIE International"},"image":{"@id":"https:\/\/www.uranie-inter.com\/#\/schema\/logo\/image\/"},"sameAs":["https:\/\/fr.linkedin.com\/company\/uranie-international","https:\/\/www.youtube.com\/channel\/UCsL_qJmfLWBBMwiAIMM5XiQ"]}]}},"_links":{"self":[{"href":"https:\/\/www.uranie-inter.com\/fr\/wp-json\/wp\/v2\/pages\/2644","targetHints":{"allow":["GET"]}}],"collection":[{"href":"https:\/\/www.uranie-inter.com\/fr\/wp-json\/wp\/v2\/pages"}],"about":[{"href":"https:\/\/www.uranie-inter.com\/fr\/wp-json\/wp\/v2\/types\/page"}],"author":[{"embeddable":true,"href":"https:\/\/www.uranie-inter.com\/fr\/wp-json\/wp\/v2\/users\/6"}],"replies":[{"embeddable":true,"href":"https:\/\/www.uranie-inter.com\/fr\/wp-json\/wp\/v2\/comments?post=2644"}],"version-history":[{"count":1,"href":"https:\/\/www.uranie-inter.com\/fr\/wp-json\/wp\/v2\/pages\/2644\/revisions"}],"predecessor-version":[{"id":2648,"href":"https:\/\/www.uranie-inter.com\/fr\/wp-json\/wp\/v2\/pages\/2644\/revisions\/2648"}],"wp:featuredmedia":[{"embeddable":true,"href":"https:\/\/www.uranie-inter.com\/fr\/wp-json\/wp\/v2\/media\/2645"}],"wp:attachment":[{"href":"https:\/\/www.uranie-inter.com\/fr\/wp-json\/wp\/v2\/media?parent=2644"}],"curies":[{"name":"wp","href":"https:\/\/api.w.org\/{rel}","templated":true}]}}